{"id":44,"date":"2023-11-17T12:47:39","date_gmt":"2023-11-17T12:47:39","guid":{"rendered":"https:\/\/autocentergavle.se\/2023\/?page_id=44"},"modified":"2023-11-22T13:35:23","modified_gmt":"2023-11-22T13:35:23","slug":"kontakta-oss","status":"publish","type":"page","link":"https:\/\/autocentergavle.se\/2023\/kontakta-oss\/","title":{"rendered":"Kontakta oss"},"content":{"rendered":"\t\t<div data-elementor-type=\"wp-page\" data-elementor-id=\"44\" class=\"elementor elementor-44\">\n\t\t\t\t\t\t\t<div class=\"elementor-element elementor-element-a0572a8 e-flex e-con-boxed e-con e-parent\" data-id=\"a0572a8\" data-element_type=\"container\" data-settings=\"{&quot;content_width&quot;:&quot;boxed&quot;}\" data-core-v316-plus=\"true\">\n\t\t\t\t\t<div class=\"e-con-inner\">\n\t\t\t\t<div class=\"elementor-element elementor-element-4f87fe7 elementor-widget elementor-widget-heading\" data-id=\"4f87fe7\" data-element_type=\"widget\" data-widget_type=\"heading.default\">\n\t\t\t\t<div class=\"elementor-widget-container\">\n\t\t\t<style>\/*! elementor - v3.17.0 - 08-11-2023 *\/\n.elementor-heading-title{padding:0;margin:0;line-height:1}.elementor-widget-heading .elementor-heading-title[class*=elementor-size-]>a{color:inherit;font-size:inherit;line-height:inherit}.elementor-widget-heading .elementor-heading-title.elementor-size-small{font-size:15px}.elementor-widget-heading .elementor-heading-title.elementor-size-medium{font-size:19px}.elementor-widget-heading .elementor-heading-title.elementor-size-large{font-size:29px}.elementor-widget-heading .elementor-heading-title.elementor-size-xl{font-size:39px}.elementor-widget-heading .elementor-heading-title.elementor-size-xxl{font-size:59px}<\/style><h2 class=\"elementor-heading-title elementor-size-default\">Kontakta oss<\/h2>\t\t<\/div>\n\t\t\t\t<\/div>\n\t\t\t\t\t<\/div>\n\t\t\t\t<\/div>\n\t\t<div class=\"elementor-element elementor-element-759248d e-flex e-con-boxed e-con e-parent\" data-id=\"759248d\" data-element_type=\"container\" data-settings=\"{&quot;content_width&quot;:&quot;boxed&quot;}\" data-core-v316-plus=\"true\">\n\t\t\t\t\t<div class=\"e-con-inner\">\n\t\t<div class=\"elementor-element elementor-element-bdaf1bb e-con-full e-flex e-con e-child\" data-id=\"bdaf1bb\" data-element_type=\"container\" data-settings=\"{&quot;content_width&quot;:&quot;full&quot;}\">\n\t\t\t\t<div class=\"elementor-element elementor-element-0d7120d elementor-widget__width-initial elementor-widget elementor-widget-text-editor\" data-id=\"0d7120d\" data-element_type=\"widget\" data-widget_type=\"text-editor.default\">\n\t\t\t\t<div class=\"elementor-widget-container\">\n\t\t\t<style>\/*! elementor - v3.17.0 - 08-11-2023 *\/\n.elementor-widget-text-editor.elementor-drop-cap-view-stacked .elementor-drop-cap{background-color:#69727d;color:#fff}.elementor-widget-text-editor.elementor-drop-cap-view-framed .elementor-drop-cap{color:#69727d;border:3px solid;background-color:transparent}.elementor-widget-text-editor:not(.elementor-drop-cap-view-default) .elementor-drop-cap{margin-top:8px}.elementor-widget-text-editor:not(.elementor-drop-cap-view-default) .elementor-drop-cap-letter{width:1em;height:1em}.elementor-widget-text-editor .elementor-drop-cap{float:left;text-align:center;line-height:1;font-size:50px}.elementor-widget-text-editor .elementor-drop-cap-letter{display:inline-block}<\/style>\t\t\t\t<div class=\"elementor-element elementor-element-f7e4acb e-con-full e-flex e-con e-child\" data-id=\"f7e4acb\" data-element_type=\"container\" data-settings=\"{&quot;content_width&quot;:&quot;full&quot;}\"><div class=\"elementor-element elementor-element-73da759 elementor-widget elementor-widget-text-editor\" data-id=\"73da759\" data-element_type=\"widget\" data-widget_type=\"text-editor.default\"><div class=\"elementor-widget-container\"><div class=\"col-right col-contact_blocks\"><div class=\"col-inner\"><h3 class=\"section_title\">Telefon:<\/h3><div class=\"contact_blocks\"><div class=\"contact_block\"><ul><li><a href=\"tel:026616075\">026-616075<\/a><\/li><\/ul><\/div><div class=\"contact_block\"><h3 class=\"section_title\">E-post:<\/h3><ul><li>info@autocentergavle.se<\/li><\/ul><\/div><div class=\"contact_block\"><h3 class=\"section_title\">Adress:<\/h3><ul><li>Kryddstigen 18A, 802 92 G\u00e4vle<\/li><\/ul><\/div><div class=\"contact_block\"><h3 class=\"section_title\">Facebook:<\/h3><ul><li><a href=\"https:\/\/m.facebook.com\/p\/Autocenter-G%C3%A4vle-100039728632824\/\" target=\"_blank\" rel=\"noopener\">F\u00f6lj oss p\u00e5 Facebook<\/a><\/li><\/ul><\/div><div class=\"contact_block\"><h3 class=\"section_title\">\u00d6ppettider:<\/h3><ul><li>M\u00e5n \u2013 Tors: 07:00 \u2013 16:30<\/li><li>Fre 07:00-16:00<\/li><li>Lunchst\u00e4ngt 12:00 \u2013 13:00<\/li><\/ul><\/div><\/div><\/div><\/div><\/div><\/div><\/div>\t\t\t\t\t\t<\/div>\n\t\t\t\t<\/div>\n\t\t\t\t<\/div>\n\t\t\t\t<div class=\"elementor-element elementor-element-e041bc2 elementor-widget elementor-widget-image\" data-id=\"e041bc2\" data-element_type=\"widget\" data-widget_type=\"image.default\">\n\t\t\t\t<div class=\"elementor-widget-container\">\n\t\t\t<style>\/*! elementor - v3.17.0 - 08-11-2023 *\/\n.elementor-widget-image{text-align:center}.elementor-widget-image a{display:inline-block}.elementor-widget-image a img[src$=\".svg\"]{width:48px}.elementor-widget-image img{vertical-align:middle;display:inline-block}<\/style>\t\t\t\t\t\t\t\t\t\t\t\t<img fetchpriority=\"high\" decoding=\"async\" width=\"800\" height=\"452\" src=\"https:\/\/autocentergavle.se\/2023\/wp-content\/uploads\/2023\/11\/lokalen-1024x578.jpg\" class=\"attachment-large size-large wp-image-177\" alt=\"\" srcset=\"https:\/\/autocentergavle.se\/2023\/wp-content\/uploads\/2023\/11\/lokalen-1024x578.jpg 1024w, https:\/\/autocentergavle.se\/2023\/wp-content\/uploads\/2023\/11\/lokalen-300x169.jpg 300w, https:\/\/autocentergavle.se\/2023\/wp-content\/uploads\/2023\/11\/lokalen-768x434.jpg 768w, https:\/\/autocentergavle.se\/2023\/wp-content\/uploads\/2023\/11\/lokalen-1536x867.jpg 1536w, https:\/\/autocentergavle.se\/2023\/wp-content\/uploads\/2023\/11\/lokalen.jpg 2048w\" sizes=\"(max-width: 800px) 100vw, 800px\" \/>\t\t\t\t\t\t\t\t\t\t\t\t\t\t\t<\/div>\n\t\t\t\t<\/div>\n\t\t\t\t\t<\/div>\n\t\t\t\t<\/div>\n\t\t<div class=\"elementor-element elementor-element-8f366e6 e-flex e-con-boxed e-con e-parent\" data-id=\"8f366e6\" data-element_type=\"container\" data-settings=\"{&quot;content_width&quot;:&quot;boxed&quot;}\" data-core-v316-plus=\"true\">\n\t\t\t\t\t<div class=\"e-con-inner\">\n\t\t\t\t<div class=\"elementor-element elementor-element-ac5e009 elementor-widget elementor-widget-google_maps\" data-id=\"ac5e009\" data-element_type=\"widget\" data-widget_type=\"google_maps.default\">\n\t\t\t\t<div class=\"elementor-widget-container\">\n\t\t\t<style>\/*! elementor - v3.17.0 - 08-11-2023 *\/\n.elementor-widget-google_maps .elementor-widget-container{overflow:hidden}.elementor-widget-google_maps .elementor-custom-embed{line-height:0}.elementor-widget-google_maps iframe{height:300px}<\/style>\t\t<div class=\"elementor-custom-embed\">\n\t\t\t<iframe loading=\"lazy\"\n\t\t\t\t\tsrc=\"https:\/\/maps.google.com\/maps?q=kryddstigen%2018A&#038;t=m&#038;z=10&#038;output=embed&#038;iwloc=near\"\n\t\t\t\t\ttitle=\"kryddstigen 18A\"\n\t\t\t\t\taria-label=\"kryddstigen 18A\"\n\t\t\t><\/iframe>\n\t\t<\/div>\n\t\t\t\t<\/div>\n\t\t\t\t<\/div>\n\t\t\t\t\t<\/div>\n\t\t\t\t<\/div>\n\t\t\t\t\t\t\t<\/div>\n\t\t","protected":false},"excerpt":{"rendered":"<p>Kontakta oss Telefon: 026-616075 E-post: info@autocentergavle.se Adress: Kryddstigen 18A, 802 92 G\u00e4vle Facebook: F\u00f6lj oss p\u00e5 Facebook \u00d6ppettider: M\u00e5n \u2013 Tors: 07:00 \u2013 16:30 Fre 07:00-16:00 Lunchst\u00e4ngt 12:00 \u2013 13:00<\/p>\n","protected":false},"author":1,"featured_media":0,"parent":0,"menu_order":0,"comment_status":"closed","ping_status":"closed","template":"","meta":{"footnotes":""},"class_list":["post-44","page","type-page","status-publish","hentry"],"_links":{"self":[{"href":"https:\/\/autocentergavle.se\/2023\/wp-json\/wp\/v2\/pages\/44","targetHints":{"allow":["GET"]}}],"collection":[{"href":"https:\/\/autocentergavle.se\/2023\/wp-json\/wp\/v2\/pages"}],"about":[{"href":"https:\/\/autocentergavle.se\/2023\/wp-json\/wp\/v2\/types\/page"}],"author":[{"embeddable":true,"href":"https:\/\/autocentergavle.se\/2023\/wp-json\/wp\/v2\/users\/1"}],"replies":[{"embeddable":true,"href":"https:\/\/autocentergavle.se\/2023\/wp-json\/wp\/v2\/comments?post=44"}],"version-history":[{"count":13,"href":"https:\/\/autocentergavle.se\/2023\/wp-json\/wp\/v2\/pages\/44\/revisions"}],"predecessor-version":[{"id":222,"href":"https:\/\/autocentergavle.se\/2023\/wp-json\/wp\/v2\/pages\/44\/revisions\/222"}],"wp:attachment":[{"href":"https:\/\/autocentergavle.se\/2023\/wp-json\/wp\/v2\/media?parent=44"}],"curies":[{"name":"wp","href":"https:\/\/api.w.org\/{rel}","templated":true}]}}