{"id":189,"date":"2023-11-22T09:36:36","date_gmt":"2023-11-22T09:36:36","guid":{"rendered":"https:\/\/autocentergavle.se\/2023\/?page_id=189"},"modified":"2023-11-24T04:37:56","modified_gmt":"2023-11-24T04:37:56","slug":"optimering","status":"publish","type":"page","link":"https:\/\/autocentergavle.se\/2023\/optimering\/","title":{"rendered":"Optimering"},"content":{"rendered":"\t\t<div data-elementor-type=\"wp-page\" data-elementor-id=\"189\" class=\"elementor elementor-189\">\n\t\t\t\t\t\t\t<div class=\"elementor-element elementor-element-450d9ae3 e-con-full e-flex e-con e-parent\" data-id=\"450d9ae3\" data-element_type=\"container\" data-settings=\"{&quot;background_background&quot;:&quot;classic&quot;,&quot;content_width&quot;:&quot;full&quot;}\" data-core-v316-plus=\"true\">\n\t\t\t\t<div class=\"elementor-element elementor-element-d1424ad elementor-align-center elementor-widget elementor-widget-button\" data-id=\"d1424ad\" data-element_type=\"widget\" data-widget_type=\"button.default\">\n\t\t\t\t<div class=\"elementor-widget-container\">\n\t\t\t\t\t<div class=\"elementor-button-wrapper\">\n\t\t\t<a class=\"elementor-button elementor-button-link elementor-size-sm\" href=\"https:\/\/www.optituning.se\/\">\n\t\t\t\t\t\t<span class=\"elementor-button-content-wrapper\">\n\t\t\t\t\t\t<span class=\"elementor-button-text\">Info<\/span>\n\t\t<\/span>\n\t\t\t\t\t<\/a>\n\t\t<\/div>\n\t\t\t\t<\/div>\n\t\t\t\t<\/div>\n\t\t\t\t<\/div>\n\t\t<div class=\"elementor-element elementor-element-848a045 e-flex e-con-boxed e-con e-parent\" data-id=\"848a045\" data-element_type=\"container\" data-settings=\"{&quot;content_width&quot;:&quot;boxed&quot;}\" data-core-v316-plus=\"true\">\n\t\t\t\t\t<div class=\"e-con-inner\">\n\t\t\t\t<div class=\"elementor-element elementor-element-e8cf696 elementor-widget elementor-widget-heading\" data-id=\"e8cf696\" data-element_type=\"widget\" data-widget_type=\"heading.default\">\n\t\t\t\t<div class=\"elementor-widget-container\">\n\t\t\t<style>\/*! elementor - v3.17.0 - 08-11-2023 *\/\n.elementor-heading-title{padding:0;margin:0;line-height:1}.elementor-widget-heading .elementor-heading-title[class*=elementor-size-]>a{color:inherit;font-size:inherit;line-height:inherit}.elementor-widget-heading .elementor-heading-title.elementor-size-small{font-size:15px}.elementor-widget-heading .elementor-heading-title.elementor-size-medium{font-size:19px}.elementor-widget-heading .elementor-heading-title.elementor-size-large{font-size:29px}.elementor-widget-heading .elementor-heading-title.elementor-size-xl{font-size:39px}.elementor-widget-heading .elementor-heading-title.elementor-size-xxl{font-size:59px}<\/style><h2 class=\"elementor-heading-title elementor-size-xl\">Ring oss p\u00e5 026-616075 f\u00f6r att boka din optimering <\/h2>\t\t<\/div>\n\t\t\t\t<\/div>\n\t\t\t\t\t<\/div>\n\t\t\t\t<\/div>\n\t\t<div class=\"elementor-element elementor-element-d83253b e-flex e-con-boxed e-con e-parent\" data-id=\"d83253b\" data-element_type=\"container\" data-settings=\"{&quot;content_width&quot;:&quot;boxed&quot;}\" data-core-v316-plus=\"true\">\n\t\t\t\t\t<div class=\"e-con-inner\">\n\t\t<div class=\"elementor-element elementor-element-c380890 e-con-full e-flex e-con e-child\" data-id=\"c380890\" data-element_type=\"container\" data-settings=\"{&quot;content_width&quot;:&quot;full&quot;}\">\n\t\t\t\t<div class=\"elementor-element elementor-element-bccff05 elementor-widget elementor-widget-image\" data-id=\"bccff05\" data-element_type=\"widget\" data-widget_type=\"image.default\">\n\t\t\t\t<div class=\"elementor-widget-container\">\n\t\t\t<style>\/*! elementor - v3.17.0 - 08-11-2023 *\/\n.elementor-widget-image{text-align:center}.elementor-widget-image a{display:inline-block}.elementor-widget-image a img[src$=\".svg\"]{width:48px}.elementor-widget-image img{vertical-align:middle;display:inline-block}<\/style>\t\t\t\t\t\t\t\t\t\t\t\t<img fetchpriority=\"high\" decoding=\"async\" width=\"800\" height=\"533\" src=\"https:\/\/autocentergavle.se\/2023\/wp-content\/uploads\/2023\/11\/Betg4bxw-1024x682.jpeg\" class=\"attachment-large size-large wp-image-106\" alt=\"\" srcset=\"https:\/\/autocentergavle.se\/2023\/wp-content\/uploads\/2023\/11\/Betg4bxw-1024x682.jpeg 1024w, https:\/\/autocentergavle.se\/2023\/wp-content\/uploads\/2023\/11\/Betg4bxw-300x200.jpeg 300w, https:\/\/autocentergavle.se\/2023\/wp-content\/uploads\/2023\/11\/Betg4bxw-768x511.jpeg 768w, https:\/\/autocentergavle.se\/2023\/wp-content\/uploads\/2023\/11\/Betg4bxw-1536x1022.jpeg 1536w, https:\/\/autocentergavle.se\/2023\/wp-content\/uploads\/2023\/11\/Betg4bxw.jpeg 2048w\" sizes=\"(max-width: 800px) 100vw, 800px\" \/>\t\t\t\t\t\t\t\t\t\t\t\t\t\t\t<\/div>\n\t\t\t\t<\/div>\n\t\t\t\t<\/div>\n\t\t<div class=\"elementor-element elementor-element-8ba218b e-con-full e-flex e-con e-child\" data-id=\"8ba218b\" data-element_type=\"container\" data-settings=\"{&quot;content_width&quot;:&quot;full&quot;}\">\n\t\t\t\t<div class=\"elementor-element elementor-element-76f0d99 elementor-widget elementor-widget-text-editor\" data-id=\"76f0d99\" data-element_type=\"widget\" data-widget_type=\"text-editor.default\">\n\t\t\t\t<div class=\"elementor-widget-container\">\n\t\t\t<style>\/*! elementor - v3.17.0 - 08-11-2023 *\/\n.elementor-widget-text-editor.elementor-drop-cap-view-stacked .elementor-drop-cap{background-color:#69727d;color:#fff}.elementor-widget-text-editor.elementor-drop-cap-view-framed .elementor-drop-cap{color:#69727d;border:3px solid;background-color:transparent}.elementor-widget-text-editor:not(.elementor-drop-cap-view-default) .elementor-drop-cap{margin-top:8px}.elementor-widget-text-editor:not(.elementor-drop-cap-view-default) .elementor-drop-cap-letter{width:1em;height:1em}.elementor-widget-text-editor .elementor-drop-cap{float:left;text-align:center;line-height:1;font-size:50px}.elementor-widget-text-editor .elementor-drop-cap-letter{display:inline-block}<\/style>\t\t\t\t<h3 class=\"section_title\">Kontaktinfo<\/h3><div class=\"contact_blocks\"><div class=\"contact_block\"><h3 class=\"section_title\">Telefon:<\/h3><ul><li><a href=\"tel:026616075\">026-616075<\/a><\/li><\/ul><\/div><div class=\"contact_block\"><h3 class=\"section_title\">E-post:<\/h3><ul><li>info@autocentergavle.se<\/li><\/ul><\/div><div class=\"contact_block\"><h3 class=\"section_title\">Adress:<\/h3><ul><li>Kryddstigen 18A, 802 92 G\u00e4vle<\/li><\/ul><\/div><div class=\"contact_block\"><h3 class=\"section_title\">Facebook:<\/h3><ul><li><a href=\"https:\/\/m.facebook.com\/p\/Autocenter-G%C3%A4vle-100039728632824\/\" target=\"_blank\" rel=\"noopener\">F\u00f6lj oss p\u00e5 Facebook<\/a><\/li><\/ul><\/div><div class=\"contact_block\"><h3 class=\"section_title\">\u00d6ppettider:<\/h3><ul><li>M\u00e5n \u2013 Tors: 07:00 \u2013 16:30<\/li><li>Fre 07:00-16:00<\/li><li>Lunchst\u00e4ngt 12:00 \u2013 13:00<\/li><\/ul><\/div><\/div>\t\t\t\t\t\t<\/div>\n\t\t\t\t<\/div>\n\t\t\t\t<\/div>\n\t\t\t\t\t<\/div>\n\t\t\t\t<\/div>\n\t\t<div class=\"elementor-element elementor-element-af0deae e-flex e-con-boxed e-con e-parent\" data-id=\"af0deae\" data-element_type=\"container\" data-settings=\"{&quot;content_width&quot;:&quot;boxed&quot;}\" data-core-v316-plus=\"true\">\n\t\t\t\t\t<div class=\"e-con-inner\">\n\t\t\t\t<div class=\"elementor-element elementor-element-696dda9 elementor-widget elementor-widget-image\" data-id=\"696dda9\" data-element_type=\"widget\" data-widget_type=\"image.default\">\n\t\t\t\t<div class=\"elementor-widget-container\">\n\t\t\t\t\t\t\t\t\t\t\t\t\t\t\t<img decoding=\"async\" width=\"800\" height=\"534\" src=\"https:\/\/autocentergavle.se\/2023\/wp-content\/uploads\/2023\/11\/DSC_4390-1024x683.jpg\" class=\"attachment-large size-large wp-image-109\" alt=\"\" srcset=\"https:\/\/autocentergavle.se\/2023\/wp-content\/uploads\/2023\/11\/DSC_4390-1024x683.jpg 1024w, https:\/\/autocentergavle.se\/2023\/wp-content\/uploads\/2023\/11\/DSC_4390-300x200.jpg 300w\" sizes=\"(max-width: 800px) 100vw, 800px\" \/>\t\t\t\t\t\t\t\t\t\t\t\t\t\t\t<\/div>\n\t\t\t\t<\/div>\n\t\t\t\t\t<\/div>\n\t\t\t\t<\/div>\n\t\t\t\t\t\t\t<\/div>\n\t\t","protected":false},"excerpt":{"rendered":"<p>Info Ring oss p\u00e5 026-616075 f\u00f6r att boka din optimering Kontaktinfo Telefon: 026-616075 E-post: info@autocentergavle.se Adress: Kryddstigen 18A, 802 92 G\u00e4vle Facebook: F\u00f6lj oss p\u00e5 Facebook \u00d6ppettider: M\u00e5n \u2013 Tors: 07:00 \u2013 16:30 Fre 07:00-16:00 Lunchst\u00e4ngt 12:00 \u2013 13:00<\/p>\n","protected":false},"author":2,"featured_media":0,"parent":0,"menu_order":0,"comment_status":"closed","ping_status":"closed","template":"","meta":{"footnotes":""},"class_list":["post-189","page","type-page","status-publish","hentry"],"_links":{"self":[{"href":"https:\/\/autocentergavle.se\/2023\/wp-json\/wp\/v2\/pages\/189","targetHints":{"allow":["GET"]}}],"collection":[{"href":"https:\/\/autocentergavle.se\/2023\/wp-json\/wp\/v2\/pages"}],"about":[{"href":"https:\/\/autocentergavle.se\/2023\/wp-json\/wp\/v2\/types\/page"}],"author":[{"embeddable":true,"href":"https:\/\/autocentergavle.se\/2023\/wp-json\/wp\/v2\/users\/2"}],"replies":[{"embeddable":true,"href":"https:\/\/autocentergavle.se\/2023\/wp-json\/wp\/v2\/comments?post=189"}],"version-history":[{"count":13,"href":"https:\/\/autocentergavle.se\/2023\/wp-json\/wp\/v2\/pages\/189\/revisions"}],"predecessor-version":[{"id":253,"href":"https:\/\/autocentergavle.se\/2023\/wp-json\/wp\/v2\/pages\/189\/revisions\/253"}],"wp:attachment":[{"href":"https:\/\/autocentergavle.se\/2023\/wp-json\/wp\/v2\/media?parent=189"}],"curies":[{"name":"wp","href":"https:\/\/api.w.org\/{rel}","templated":true}]}}